{"id":106,"date":"2013-10-08T11:29:58","date_gmt":"2013-10-08T09:29:58","guid":{"rendered":"http:\/\/www.mydlak.cz\/cenik-sluzeb-2017"},"modified":"2026-02-02T10:25:21","modified_gmt":"2026-02-02T09:25:21","slug":"cenik-sluzeb-2017","status":"publish","type":"page","link":"https:\/\/www.mydlak.cz\/?page_id=106","title":{"rendered":"Cen\u00edk slu\u017eeb 2026"},"content":{"rendered":"<h2>Chatka, obytn\u00e1 maringotka<\/h2>\n<ul>\n<li>4.5. &#8211; 23.5. 2026 \u2014 <strong>5 320,- K\u010d\/t\u00fdden<\/strong><\/li>\n<li>23.5. &#8211; 20.6. 2026 \u2014 <strong>5 670,- K\u010d\/t\u00fdden<\/strong><\/li>\n<li>20.6. &#8211; 29.8. 2026 \u2014 <strong>6 720,- K\u010d\/t\u00fdden<\/strong><\/li>\n<li>29.8. &#8211; 17.10. 2026 \u2014 <strong>5 670,- K\u010d\/t\u00fdden<\/strong><\/li>\n<\/ul>\n<h2>Poplatek za osoby<\/h2>\n<ul>\n<li>dosp\u011bl\u00e1 osoba (den n\u00e1stupu star\u0161\u00ed 18 let) \u2014 <strong>455,- K\u010d\/t\u00fdden<\/strong><\/li>\n<li>d\u00edt\u011b 15-18 let (den n\u00e1stupu star\u0161\u00ed 15 let) \u2014 <strong>385,- K\u010d\/t\u00fdden<\/strong><\/li>\n<li>d\u00edt\u011b 6-15 let (den n\u00e1stupu star\u0161\u00ed 6 let) \u2014 <strong>280,- K\u010d\/t\u00fdden<\/strong><\/li>\n<li>d\u00edt\u011b do 6 let \u2014 <strong>0,- K\u010d \/t\u00fdden<\/strong><\/li>\n<\/ul>\n<h2>Dal\u0161\u00ed dopl\u0148kov\u00e9 slu\u017eby<\/h2>\n<ul>\n<li>poplatek za elektrickou energii \u2014 <strong>10,- K\u010d\/kWh<\/strong><\/li>\n<li>poplatek za um\u00edst\u011bn\u00ed automobilu bl\u00edzko chatky v kempu \u2014 <strong>490,- K\u010d\/t\u00fdden<\/strong><\/li>\n<li>poplatek za um\u00edst\u011bn\u00ed motocyklu bl\u00edzko chatky v kempu \u2014 <strong>280,- K\u010d\/t\u00fdden<\/strong><\/li>\n<\/ul>\n<h2>Dal\u0161\u00ed dokumenty<\/h2>\n<p>Kompletn\u00ed nab\u00eddku ke sta\u017een\u00ed, a p\u0159ihl\u00e1\u0161ku k vypln\u011bn\u00ed najdete v \u010d\u00e1sti Ke sta\u017een\u00ed <a href=\"http:\/\/www.mydlak.cz\/?page_id=113\">ZDE<\/a>.<\/p>\n<p>&nbsp;<\/p>\n<address><em>Ceny jsou platn\u00e9 pro rekrea\u010dn\u00ed sez\u00f3nu 2026.<\/em><\/address>\n<address><em>U t\u00fddenn\u00edho pobytu se rozum\u00ed p\u0159\u00edjezd v sobotu od 14.00 do 16.00 hodin, a odjezd v sobotu od 8.00 do 10.00 hodin.<\/em><\/address>\n<address><em>V cen\u011b nen\u00ed zapo\u010d\u00edt\u00e1v\u00e1n \u00faklid, p\u0159edpokl\u00e1d\u00e1 se, \u017ee objekt bude p\u0159ed\u00e1v\u00e1n p\u0159i odjezdu v uklizen\u00e9m stavu.<\/em><\/address>\n","protected":false},"excerpt":{"rendered":"<p>Chatka, obytn\u00e1 maringotka 4.5. &#8211; 23.5. 2026 \u2014 5 320,- K\u010d\/t\u00fdden 23.5. &#8211; 20.6. 2026 \u2014 5 670,- K\u010d\/t\u00fdden 20.6. &#8211; 29.8. 2026 \u2014 6 720,- K\u010d\/t\u00fdden 29.8. &#8211; 17.10. 2026 \u2014 5 670,- K\u010d\/t\u00fdden Poplatek za osoby dosp\u011bl\u00e1 osoba &hellip; <a href=\"https:\/\/www.mydlak.cz\/?page_id=106\">Cel\u00fd p\u0159\u00edsp\u011bvek <span class=\"meta-nav\">&rarr;<\/span><\/a><\/p>\n","protected":false},"author":1,"featured_media":0,"parent":0,"menu_order":0,"comment_status":"closed","ping_status":"closed","template":"","meta":[],"_links":{"self":[{"href":"https:\/\/www.mydlak.cz\/index.php?rest_route=\/wp\/v2\/pages\/106"}],"collection":[{"href":"https:\/\/www.mydlak.cz\/index.php?rest_route=\/wp\/v2\/pages"}],"about":[{"href":"https:\/\/www.mydlak.cz\/index.php?rest_route=\/wp\/v2\/types\/page"}],"author":[{"embeddable":true,"href":"https:\/\/www.mydlak.cz\/index.php?rest_route=\/wp\/v2\/users\/1"}],"replies":[{"embeddable":true,"href":"https:\/\/www.mydlak.cz\/index.php?rest_route=%2Fwp%2Fv2%2Fcomments&post=106"}],"version-history":[{"count":22,"href":"https:\/\/www.mydlak.cz\/index.php?rest_route=\/wp\/v2\/pages\/106\/revisions"}],"predecessor-version":[{"id":775,"href":"https:\/\/www.mydlak.cz\/index.php?rest_route=\/wp\/v2\/pages\/106\/revisions\/775"}],"wp:attachment":[{"href":"https:\/\/www.mydlak.cz\/index.php?rest_route=%2Fwp%2Fv2%2Fmedia&parent=106"}],"curies":[{"name":"wp","href":"https:\/\/api.w.org\/{rel}","templated":true}]}}