{"id":2,"date":"2012-12-10T19:03:17","date_gmt":"2012-12-10T19:03:17","guid":{"rendered":"http:\/\/www.mydlak.cz\/o-nas"},"modified":"2017-02-28T22:28:05","modified_gmt":"2017-02-28T21:28:05","slug":"o-nas","status":"publish","type":"page","link":"https:\/\/www.mydlak.cz\/?page_id=2","title":{"rendered":"O n\u00e1s"},"content":{"rendered":"<h3 align=\"justify\"><span style=\"text-decoration: underline;\">Adresa rekrea\u010dn\u00edho st\u0159ediska<\/span><\/h3>\n<div style=\"padding-left: 30px;\" align=\"justify\">Chatov\u00fd t\u00e1bor \u010cesk\u00e1 po\u0161ta<\/div>\n<div style=\"padding-left: 30px;\" align=\"justify\">Autokemp Mydl\u00e1k<\/div>\n<div style=\"padding-left: 30px;\" align=\"justify\">N\u00e1dra\u017en\u00ed ul.<\/div>\n<div style=\"padding-left: 30px;\" align=\"justify\">373 44 Zliv u \u010cesk\u00fdch Bud\u011bjovic<\/div>\n<div style=\"padding-left: 30px;\" align=\"justify\">\u010cesk\u00e1 Republika<\/div>\n<p>&nbsp;<\/p>\n<h3><span style=\"text-decoration: underline;\">Provozovatel<\/span><\/h3>\n<div style=\"padding-left: 30px;\" align=\"justify\"><strong>MYDL\u00c1K, z.s.<\/strong><\/div>\n<div style=\"padding-left: 30px;\" align=\"justify\">Tyr\u0161ova 58<\/div>\n<div style=\"padding-left: 30px;\" align=\"justify\">252 29 Dob\u0159ichovice<\/div>\n<div style=\"padding-left: 30px;\" align=\"justify\">I\u010c: 270 60 098<\/div>\n<p>&nbsp;<\/p>\n<h3><span style=\"text-decoration: underline;\">Odpov\u011bdn\u00fd vedouc\u00ed, rezervace:<\/span><\/h3>\n<div style=\"padding-left: 30px;\" align=\"justify\"><strong><strong><strong>Michal NE\u0160POR<\/strong><br \/>\n<a href=\"mailto:michal.nespor@dobnet.cz\"><strong>michal@mydlak.cz<\/strong><\/a> <\/strong><\/strong><\/div>\n<div style=\"padding-left: 30px;\" align=\"justify\">tel. 277 00 11 66<\/div>\n<h3 align=\"justify\"><\/h3>\n<h3 align=\"justify\"><span style=\"text-decoration: underline;\">Rada spolku<\/span><\/h3>\n<div style=\"padding-left: 30px;\" align=\"justify\"><strong><strong>Michal NE\u0160POR<\/strong><br \/>\n<\/strong><\/div>\n<div style=\"padding-left: 30px;\" align=\"justify\"><strong><strong>Tom\u00e1\u0161 KUDRNA<\/strong><br \/>\n<\/strong><\/div>\n<div style=\"padding-left: 30px;\" align=\"justify\"><strong>Daniel KUL\u00cd\u0160EK<br \/>\n<\/strong><\/div>\n<p>&nbsp;<\/p>\n<h3 align=\"justify\"><span style=\"text-decoration: underline;\">Bankovn\u00ed spojen\u00ed<\/span><\/h3>\n<div style=\"padding-left: 30px;\" align=\"justify\"><strong>Raiffeisenbank a.s.<\/strong><\/div>\n<div style=\"padding-left: 30px;\" align=\"justify\">\u010c\u00edslo \u00fa\u010dtu: <strong>268502060\/5500<\/strong><\/div>\n<p>&nbsp;<\/p>\n<h3 align=\"justify\"><span style=\"text-decoration: underline;\">Opr\u00e1vn\u011bn\u00ed k \u010dinnosti<\/span><\/h3>\n<div style=\"padding-left: 30px;\" align=\"justify\"><em>Spolek MYDL\u00c1K, z.s. je zaps\u00e1n ve spolkov\u00e9ho rejst\u0159\u00edku, veden\u00fdm M\u011bstsk\u00fdm soudem v Praze, odd\u00edl L, vlo\u017eka 17498. Spolku bylo p\u0159id\u011bleno identifika\u010dn\u00ed \u010d\u00edslo organizace <strong>270 60 098.<\/strong><\/em><\/div>\n<p>&nbsp;<\/p>\n<div style=\"padding-left: 30px;\" align=\"justify\"><em>Spolek MYDL\u00c1K, z.s. byl dne 14.3.2007 vystaven M\u011bstsk\u00fdm \u00fa\u0159adem \u010cerno\u0161ice, Obecn\u00edm \u017eivnostensk\u00fdm \u00fa\u0159adem, Podskalsk\u00e1 19, Praha 2, \u017divnostensk\u00fd list na p\u0159edm\u011bt podnik\u00e1n\u00ed Ubytovac\u00ed slu\u017eby, pod \u010d.j.: ZIV\/U5471\/2007\/Su, ev.\u010d.: 321001-29637877.<\/em><\/div>\n<p>&nbsp;<\/p>\n","protected":false},"excerpt":{"rendered":"<p>Adresa rekrea\u010dn\u00edho st\u0159ediska Chatov\u00fd t\u00e1bor \u010cesk\u00e1 po\u0161ta Autokemp Mydl\u00e1k N\u00e1dra\u017en\u00ed ul. 373 44 Zliv u \u010cesk\u00fdch Bud\u011bjovic \u010cesk\u00e1 Republika &nbsp; Provozovatel MYDL\u00c1K, z.s. Tyr\u0161ova 58 252 29 Dob\u0159ichovice I\u010c: 270 60 098 &nbsp; Odpov\u011bdn\u00fd vedouc\u00ed, rezervace: Michal NE\u0160POR michal@mydlak.cz tel. &hellip; <a href=\"https:\/\/www.mydlak.cz\/?page_id=2\">Cel\u00fd p\u0159\u00edsp\u011bvek <span class=\"meta-nav\">&rarr;<\/span><\/a><\/p>\n","protected":false},"author":1,"featured_media":0,"parent":0,"menu_order":0,"comment_status":"closed","ping_status":"closed","template":"","meta":[],"_links":{"self":[{"href":"https:\/\/www.mydlak.cz\/index.php?rest_route=\/wp\/v2\/pages\/2"}],"collection":[{"href":"https:\/\/www.mydlak.cz\/index.php?rest_route=\/wp\/v2\/pages"}],"about":[{"href":"https:\/\/www.mydlak.cz\/index.php?rest_route=\/wp\/v2\/types\/page"}],"author":[{"embeddable":true,"href":"https:\/\/www.mydlak.cz\/index.php?rest_route=\/wp\/v2\/users\/1"}],"replies":[{"embeddable":true,"href":"https:\/\/www.mydlak.cz\/index.php?rest_route=%2Fwp%2Fv2%2Fcomments&post=2"}],"version-history":[{"count":26,"href":"https:\/\/www.mydlak.cz\/index.php?rest_route=\/wp\/v2\/pages\/2\/revisions"}],"predecessor-version":[{"id":357,"href":"https:\/\/www.mydlak.cz\/index.php?rest_route=\/wp\/v2\/pages\/2\/revisions\/357"}],"wp:attachment":[{"href":"https:\/\/www.mydlak.cz\/index.php?rest_route=%2Fwp%2Fv2%2Fmedia&parent=2"}],"curies":[{"name":"wp","href":"https:\/\/api.w.org\/{rel}","templated":true}]}}