{"id":587,"date":"2021-08-12T10:22:38","date_gmt":"2021-08-12T08:22:38","guid":{"rendered":"https:\/\/www.mydlak.cz\/?page_id=587"},"modified":"2021-08-12T10:31:19","modified_gmt":"2021-08-12T08:31:19","slug":"maxi-bar","status":"publish","type":"page","link":"https:\/\/www.mydlak.cz\/?page_id=587","title":{"rendered":"MAXI BAR"},"content":{"rendered":"<h2>Lednice pln\u00e1 n\u00e1poj\u016f MAXI BAR<\/h2>\n<p><img loading=\"lazy\" class=\"size-medium wp-image-589 alignleft\" style=\"font-size: 16px;\" src=\"https:\/\/www.mydlak.cz\/wp-content\/uploads\/maxibar-165x300.jpg\" alt=\"\" width=\"165\" height=\"300\" srcset=\"https:\/\/www.mydlak.cz\/wp-content\/uploads\/maxibar-165x300.jpg 165w, https:\/\/www.mydlak.cz\/wp-content\/uploads\/maxibar.jpg 271w\" sizes=\"(max-width: 165px) 100vw, 165px\" \/><\/p>\n<p>U v\u00fd\u010depn\u00edho za\u0159\u00edzen\u00ed u chatek si rekreanti mohou sami prost\u0159ednictv\u00edm zap\u016fj\u010den\u00e9 bezkontaktn\u00ed karty non-stop otev\u0159\u00edt lednici a odebrat vybran\u00e9 n\u00e1poje. Ve ve\u010dern\u00edch hodin\u00e1ch se automaticky nav\u00edc zapne po otev\u0159en\u00ed osv\u011btlen\u00ed lednice. Pomoc\u00ed bezkontaktn\u00ed karty na dotykov\u00e9m termin\u00e1lu p\u0159ip\u00ed\u0161ou odebran\u00e9 n\u00e1poje na sv\u016fj otev\u0159en\u00fd \u00fa\u010det.<\/p>\n<p>Platba za odebran\u00e9 n\u00e1poje prob\u00edh\u00e1 a\u017e p\u0159i vy\u00fa\u010dtov\u00e1n\u00ed p\u0159i ukon\u010den\u00ed pobytu.<\/p>\n<p><a href=\"https:\/\/www.mydlak.cz\/wp-content\/uploads\/terminal.jpg\"><img loading=\"lazy\" class=\"alignright size-medium wp-image-590\" src=\"https:\/\/www.mydlak.cz\/wp-content\/uploads\/terminal-225x300.jpg\" alt=\"\" width=\"225\" height=\"300\" srcset=\"https:\/\/www.mydlak.cz\/wp-content\/uploads\/terminal-225x300.jpg 225w, https:\/\/www.mydlak.cz\/wp-content\/uploads\/terminal.jpg 378w\" sizes=\"(max-width: 225px) 100vw, 225px\" \/><\/a><\/p>\n","protected":false},"excerpt":{"rendered":"<p>Lednice pln\u00e1 n\u00e1poj\u016f MAXI BAR U v\u00fd\u010depn\u00edho za\u0159\u00edzen\u00ed u chatek si rekreanti mohou sami prost\u0159ednictv\u00edm zap\u016fj\u010den\u00e9 bezkontaktn\u00ed karty non-stop otev\u0159\u00edt lednici a odebrat vybran\u00e9 n\u00e1poje. Ve ve\u010dern\u00edch hodin\u00e1ch se automaticky nav\u00edc zapne po otev\u0159en\u00ed osv\u011btlen\u00ed lednice. Pomoc\u00ed bezkontaktn\u00ed karty na &hellip; <a href=\"https:\/\/www.mydlak.cz\/?page_id=587\">Cel\u00fd p\u0159\u00edsp\u011bvek <span class=\"meta-nav\">&rarr;<\/span><\/a><\/p>\n","protected":false},"author":2,"featured_media":0,"parent":0,"menu_order":0,"comment_status":"closed","ping_status":"closed","template":"","meta":[],"_links":{"self":[{"href":"https:\/\/www.mydlak.cz\/index.php?rest_route=\/wp\/v2\/pages\/587"}],"collection":[{"href":"https:\/\/www.mydlak.cz\/index.php?rest_route=\/wp\/v2\/pages"}],"about":[{"href":"https:\/\/www.mydlak.cz\/index.php?rest_route=\/wp\/v2\/types\/page"}],"author":[{"embeddable":true,"href":"https:\/\/www.mydlak.cz\/index.php?rest_route=\/wp\/v2\/users\/2"}],"replies":[{"embeddable":true,"href":"https:\/\/www.mydlak.cz\/index.php?rest_route=%2Fwp%2Fv2%2Fcomments&post=587"}],"version-history":[{"count":3,"href":"https:\/\/www.mydlak.cz\/index.php?rest_route=\/wp\/v2\/pages\/587\/revisions"}],"predecessor-version":[{"id":592,"href":"https:\/\/www.mydlak.cz\/index.php?rest_route=\/wp\/v2\/pages\/587\/revisions\/592"}],"wp:attachment":[{"href":"https:\/\/www.mydlak.cz\/index.php?rest_route=%2Fwp%2Fv2%2Fmedia&parent=587"}],"curies":[{"name":"wp","href":"https:\/\/api.w.org\/{rel}","templated":true}]}}