{"id":71,"date":"2013-10-08T10:55:19","date_gmt":"2013-10-08T08:55:19","guid":{"rendered":"http:\/\/www.mydlak.cz\/past"},"modified":"2015-05-10T17:42:18","modified_gmt":"2015-05-10T15:42:18","slug":"past","status":"publish","type":"page","link":"https:\/\/www.mydlak.cz\/?page_id=71","title":{"rendered":"PAST"},"content":{"rendered":"<h2>Pln\u011b automatizovan\u00fd v\u00fd\u010depn\u00ed st\u00e1nek PAST 1<\/h2>\n<p>V t<a href=\"http:\/\/www.mydlak.cz\/wp-content\/uploads\/past11.jpg\"><img loading=\"lazy\" class=\"size-medium wp-image-255 alignleft\" alt=\"past1\" src=\"http:\/\/www.mydlak.cz\/wp-content\/uploads\/past11-115x300.jpg\" width=\"115\" height=\"300\" srcset=\"https:\/\/www.mydlak.cz\/wp-content\/uploads\/past11-115x300.jpg 115w, https:\/\/www.mydlak.cz\/wp-content\/uploads\/past11.jpg 245w\" sizes=\"(max-width: 115px) 100vw, 115px\" \/><\/a>\u011bsn\u00e9 bl\u00edzkosti chatek si rekreanti mohou sami prost\u0159ednictv\u00edm zap\u016fj\u010den\u00e9 bezkontaktn\u00ed karty nato\u010dit non-stop pivo a limon\u00e1du.<\/p>\n<p>Platba za vy\u010depovan\u00e9 n\u00e1poje prob\u00edh\u00e1 a\u017e p\u0159i vy\u00fa\u010dtov\u00e1n\u00ed p\u0159i ukon\u010den\u00ed pobytu.<\/p>\n<p>&nbsp;<\/p>\n<p>&nbsp;<\/p>\n","protected":false},"excerpt":{"rendered":"<p>Pln\u011b automatizovan\u00fd v\u00fd\u010depn\u00ed st\u00e1nek PAST 1 V t\u011bsn\u00e9 bl\u00edzkosti chatek si rekreanti mohou sami prost\u0159ednictv\u00edm zap\u016fj\u010den\u00e9 bezkontaktn\u00ed karty nato\u010dit non-stop pivo a limon\u00e1du. Platba za vy\u010depovan\u00e9 n\u00e1poje prob\u00edh\u00e1 a\u017e p\u0159i vy\u00fa\u010dtov\u00e1n\u00ed p\u0159i ukon\u010den\u00ed pobytu. &nbsp; &nbsp;<\/p>\n","protected":false},"author":1,"featured_media":0,"parent":0,"menu_order":0,"comment_status":"closed","ping_status":"closed","template":"","meta":[],"_links":{"self":[{"href":"https:\/\/www.mydlak.cz\/index.php?rest_route=\/wp\/v2\/pages\/71"}],"collection":[{"href":"https:\/\/www.mydlak.cz\/index.php?rest_route=\/wp\/v2\/pages"}],"about":[{"href":"https:\/\/www.mydlak.cz\/index.php?rest_route=\/wp\/v2\/types\/page"}],"author":[{"embeddable":true,"href":"https:\/\/www.mydlak.cz\/index.php?rest_route=\/wp\/v2\/users\/1"}],"replies":[{"embeddable":true,"href":"https:\/\/www.mydlak.cz\/index.php?rest_route=%2Fwp%2Fv2%2Fcomments&post=71"}],"version-history":[{"count":6,"href":"https:\/\/www.mydlak.cz\/index.php?rest_route=\/wp\/v2\/pages\/71\/revisions"}],"predecessor-version":[{"id":258,"href":"https:\/\/www.mydlak.cz\/index.php?rest_route=\/wp\/v2\/pages\/71\/revisions\/258"}],"wp:attachment":[{"href":"https:\/\/www.mydlak.cz\/index.php?rest_route=%2Fwp%2Fv2%2Fmedia&parent=71"}],"curies":[{"name":"wp","href":"https:\/\/api.w.org\/{rel}","templated":true}]}}